{"id":92,"date":"2018-05-22T11:09:12","date_gmt":"2018-05-22T09:09:12","guid":{"rendered":"https:\/\/sylviekiesel.be\/?page_id=92"},"modified":"2022-04-12T08:44:41","modified_gmt":"2022-04-12T06:44:41","slug":"contactez-votre-massotherapeute","status":"publish","type":"page","link":"https:\/\/sylviekiesel.be\/index.php\/contactez-votre-massotherapeute\/","title":{"rendered":"Contact"},"content":{"rendered":"\t\t<div data-elementor-type=\"wp-post\" data-elementor-id=\"92\" class=\"elementor elementor-92\">\n\t\t\t\t\t\t<section class=\"elementor-section elementor-top-section elementor-element elementor-element-48f2249d elementor-section-height-min-height elementor-section-stretched elementor-section-boxed elementor-section-height-default elementor-section-items-middle\" data-id=\"48f2249d\" data-element_type=\"section\" data-settings=\"{&quot;background_background&quot;:&quot;classic&quot;,&quot;stretch_section&quot;:&quot;section-stretched&quot;}\">\n\t\t\t\t\t\t\t<div class=\"elementor-background-overlay\"><\/div>\n\t\t\t\t\t\t\t<div class=\"elementor-container elementor-column-gap-default\">\n\t\t\t\t\t<div class=\"elementor-column elementor-col-100 elementor-top-column elementor-element elementor-element-70e72e43\" data-id=\"70e72e43\" data-element_type=\"column\">\n\t\t\t<div class=\"elementor-widget-wrap elementor-element-populated\">\n\t\t\t\t\t\t<div class=\"elementor-element elementor-element-23297df3 no-margin elementor-widget elementor-widget-heading\" data-id=\"23297df3\" data-element_type=\"widget\" data-widget_type=\"heading.default\">\n\t\t\t\t<div class=\"elementor-widget-container\">\n\t\t\t\t\t<div class=\"elementor-heading-title elementor-size-default\">Contactez \u00e0 pr\u00e9sent<\/div>\t\t\t\t<\/div>\n\t\t\t\t<\/div>\n\t\t\t\t<div class=\"elementor-element elementor-element-1a44688c no-margin elementor-widget elementor-widget-heading\" data-id=\"1a44688c\" data-element_type=\"widget\" data-widget_type=\"heading.default\">\n\t\t\t\t<div class=\"elementor-widget-container\">\n\t\t\t\t\t<h1 class=\"elementor-heading-title elementor-size-default\">Sylvie Kiesel votre massoth\u00e9rapeute <\/h1>\t\t\t\t<\/div>\n\t\t\t\t<\/div>\n\t\t\t\t<div class=\"elementor-element elementor-element-47544418 no-margin elementor-widget-divider--view-line elementor-widget elementor-widget-divider\" data-id=\"47544418\" data-element_type=\"widget\" data-widget_type=\"divider.default\">\n\t\t\t\t<div class=\"elementor-widget-container\">\n\t\t\t\t\t\t\t<div class=\"elementor-divider\">\n\t\t\t<span class=\"elementor-divider-separator\">\n\t\t\t\t\t\t<\/span>\n\t\t<\/div>\n\t\t\t\t\t\t<\/div>\n\t\t\t\t<\/div>\n\t\t\t\t<div class=\"elementor-element elementor-element-539826ab elementor-hidden-phone elementor-widget elementor-widget-text-editor\" data-id=\"539826ab\" data-element_type=\"widget\" data-widget_type=\"text-editor.default\">\n\t\t\t\t<div class=\"elementor-widget-container\">\n\t\t\t\t\t\t\t\t\t<p>La\u00a0massoth\u00e9rapie\u00a0est notamment pratiqu\u00e9e pour r\u00e9guler des probl\u00e8mes \u00e9motionnels.\u00a0<\/p>\t\t\t\t\t\t\t\t<\/div>\n\t\t\t\t<\/div>\n\t\t\t\t<div class=\"elementor-element elementor-element-64064791 elementor-align-center local elementor-widget elementor-widget-button\" data-id=\"64064791\" data-element_type=\"widget\" data-widget_type=\"button.default\">\n\t\t\t\t<div class=\"elementor-widget-container\">\n\t\t\t\t\t\t\t\t\t<div class=\"elementor-button-wrapper\">\n\t\t\t\t\t<a class=\"elementor-button elementor-button-link elementor-size-sm\" href=\"https:\/\/sylviekiesel.be\/index.php\/lhistoire-de-votre-massotherapeute\/\">\n\t\t\t\t\t\t<span class=\"elementor-button-content-wrapper\">\n\t\t\t\t\t\t\t\t\t<span class=\"elementor-button-text\">D\u00e9couvrez l'histoire de Sylvie<\/span>\n\t\t\t\t\t<\/span>\n\t\t\t\t\t<\/a>\n\t\t\t\t<\/div>\n\t\t\t\t\t\t\t\t<\/div>\n\t\t\t\t<\/div>\n\t\t\t\t\t<\/div>\n\t\t<\/div>\n\t\t\t\t\t<\/div>\n\t\t<\/section>\n\t\t\t\t<section class=\"elementor-section elementor-top-section elementor-element elementor-element-48a9c1c4 elementor-section-stretched elementor-section-boxed elementor-section-height-default elementor-section-height-default\" data-id=\"48a9c1c4\" data-element_type=\"section\" id=\"contact\" data-settings=\"{&quot;background_background&quot;:&quot;classic&quot;,&quot;shape_divider_top&quot;:&quot;curve-asymmetrical&quot;,&quot;stretch_section&quot;:&quot;section-stretched&quot;}\">\n\t\t\t\t\t<div class=\"elementor-shape elementor-shape-top\" aria-hidden=\"true\" data-negative=\"false\">\n\t\t\t<svg xmlns=\"http:\/\/www.w3.org\/2000\/svg\" viewBox=\"0 0 1000 100\" preserveAspectRatio=\"none\">\n\t<path class=\"elementor-shape-fill\" d=\"M0,0c0,0,0,6,0,6.7c0,18,240.2,93.6,615.2,92.6C989.8,98.5,1000,25,1000,6.7c0-0.7,0-6.7,0-6.7H0z\"\/>\n<\/svg>\t\t<\/div>\n\t\t\t\t\t<div class=\"elementor-container elementor-column-gap-default\">\n\t\t\t\t\t<div class=\"elementor-column elementor-col-100 elementor-top-column elementor-element elementor-element-1ad0fe87\" data-id=\"1ad0fe87\" data-element_type=\"column\">\n\t\t\t<div class=\"elementor-widget-wrap elementor-element-populated\">\n\t\t\t\t\t\t<div class=\"elementor-element elementor-element-3baa1de3 no-margin elementor-widget elementor-widget-heading\" data-id=\"3baa1de3\" data-element_type=\"widget\" data-widget_type=\"heading.default\">\n\t\t\t\t<div class=\"elementor-widget-container\">\n\t\t\t\t\t<h2 class=\"elementor-heading-title elementor-size-default\">S\u00e9ance de massoth\u00e9rapie en Belgique (province de Li\u00e8ge)<\/h2>\t\t\t\t<\/div>\n\t\t\t\t<\/div>\n\t\t\t\t<div class=\"elementor-element elementor-element-4b29326e no-margin elementor-widget-divider--view-line elementor-widget elementor-widget-divider\" data-id=\"4b29326e\" data-element_type=\"widget\" data-widget_type=\"divider.default\">\n\t\t\t\t<div class=\"elementor-widget-container\">\n\t\t\t\t\t\t\t<div class=\"elementor-divider\">\n\t\t\t<span class=\"elementor-divider-separator\">\n\t\t\t\t\t\t<\/span>\n\t\t<\/div>\n\t\t\t\t\t\t<\/div>\n\t\t\t\t<\/div>\n\t\t\t\t<div class=\"elementor-element elementor-element-2c4d945 elementor-widget elementor-widget-text-editor\" data-id=\"2c4d945\" data-element_type=\"widget\" data-widget_type=\"text-editor.default\">\n\t\t\t\t<div class=\"elementor-widget-container\">\n\t\t\t\t\t\t\t\t\t<p>Que vous ayez besoin d\u2019un <strong>massage relaxant<\/strong> pour d\u00e9nouer vos maux physiques ou vous lib\u00e9rez de vos \u00e9motions gr\u00e2ce au massage <strong>somato-\u00e9motionnel<\/strong>. je vous re\u00e7ois, sur rendez-vous, du lundi au vendredi de 9h00 \u00e0 19h00 et le samedi de 9h00 \u00e0 15h00 \u00e0 l\u2019adresse suivante\u00a0: rue de la Chapelle, 30 \u00e0 Soumagne (Li\u00e8ge).<\/p><p>Vous avez des questions\u00a0? Contactez-moi et je vous expliquerai comment vous aider gr\u00e2ce aux\u00a0<a style=\"font-size: 14px; background-color: #f9f9f9;\" href=\"https:\/\/sylviekiesel.be\/index.php\/massages-therapeutiques-pour-lacher-prise\/\" target=\"_blank\" rel=\"noopener\">diff\u00e9rentes techniques de massage.<\/a><\/p><p>Venez reprendre les r\u00eanes de votre vie gr\u00e2ce au massage <strong>somato-\u00e9motionnel<\/strong>. Plus vous attendez plus la m\u00e9moire de votre corps s\u2019ancre en vous. Prenez soin de vous et de vos \u00e9motions et votre corps vous en remerciera. Je vous aiderai notamment \u00e0 <strong>combattre vos maux.<\/strong><\/p><p>Pour ceux qui s\u2019en donnent les moyens, c\u2019est une v\u00e9ritable exp\u00e9rience sensorielle. Le massage <strong>somato-\u00e9motionnel<\/strong> vous permet de reprendre contact avec votre corps et de <strong>combattre votre anxi\u00e9t\u00e9<\/strong>. Mon espace de massage vous permettra de faire le vide int\u00e9rieur et de laisser derri\u00e8re vous les tracas du quotidien.<\/p><p>Il peut \u00eatre difficile de briser, seul, les sch\u00e9mas dans lesquels vous avez appris \u00e0 r\u00e9agir. Je vous aide \u00e0 retrouver la s\u00e9r\u00e9nit\u00e9 perdue gr\u00e2ce\u00a0<strong>\u00e0 la massoth\u00e9rapie<\/strong>. N\u2019attendez plus, traitez vos maux, vos douleurs quotidiennes ou passag\u00e8res.<\/p><p>Je reste disponible pour tout compl\u00e9ment d\u2019information soit via le formulaire de contact ci-dessous soit par t\u00e9l\u00e9phone au 0471\/30.98.35 ou encore par mail \u00e0 <a href=\"https:\/\/sylviekiesel.be\/index.php\/contact\/\">contact@sylviekiesel.be<\/a><\/p>\t\t\t\t\t\t\t\t<\/div>\n\t\t\t\t<\/div>\n\t\t\t\t\t<\/div>\n\t\t<\/div>\n\t\t\t\t\t<\/div>\n\t\t<\/section>\n\t\t\t\t<section class=\"elementor-section elementor-top-section elementor-element elementor-element-7e3c9126 elementor-section-stretched elementor-section-boxed elementor-section-height-default elementor-section-height-default\" data-id=\"7e3c9126\" data-element_type=\"section\" data-settings=\"{&quot;background_background&quot;:&quot;classic&quot;,&quot;stretch_section&quot;:&quot;section-stretched&quot;}\">\n\t\t\t\t\t\t<div class=\"elementor-container elementor-column-gap-default\">\n\t\t\t\t\t<div class=\"elementor-column elementor-col-100 elementor-top-column elementor-element elementor-element-13d4deaa\" data-id=\"13d4deaa\" data-element_type=\"column\">\n\t\t\t<div class=\"elementor-widget-wrap elementor-element-populated\">\n\t\t\t\t\t\t<div class=\"elementor-element elementor-element-65d6dab9 elementor-widget elementor-widget-shortcode\" data-id=\"65d6dab9\" data-element_type=\"widget\" data-widget_type=\"shortcode.default\">\n\t\t\t\t<div class=\"elementor-widget-container\">\n\t\t\t\t\t\t\t<div class=\"elementor-shortcode\">\n<div class=\"wpcf7 no-js\" id=\"wpcf7-f889-o1\" lang=\"fr-FR\" dir=\"ltr\" data-wpcf7-id=\"889\">\n<div class=\"screen-reader-response\"><p role=\"status\" aria-live=\"polite\" aria-atomic=\"true\"><\/p> <ul><\/ul><\/div>\n<form action=\"\/index.php\/wp-json\/wp\/v2\/pages\/92#wpcf7-f889-o1\" method=\"post\" class=\"wpcf7-form init\" aria-label=\"Formulaire de contact\" novalidate=\"novalidate\" data-status=\"init\">\n<fieldset class=\"hidden-fields-container\"><input type=\"hidden\" name=\"_wpcf7\" value=\"889\" \/><input type=\"hidden\" name=\"_wpcf7_version\" value=\"6.1.3\" \/><input type=\"hidden\" name=\"_wpcf7_locale\" value=\"fr_FR\" \/><input type=\"hidden\" name=\"_wpcf7_unit_tag\" value=\"wpcf7-f889-o1\" \/><input type=\"hidden\" name=\"_wpcf7_container_post\" value=\"0\" \/><input type=\"hidden\" name=\"_wpcf7_posted_data_hash\" value=\"\" \/><input type=\"hidden\" name=\"_wpcf7_recaptcha_response\" value=\"\" \/>\n<\/fieldset>\n<div class=\"oceanwp-row clr\">\n\t<div class=\"span_1_of_2 col col-1 clr\">\n\t\t<p><span class=\"wpcf7-form-control-wrap\" data-name=\"your-name\"><input size=\"40\" maxlength=\"400\" class=\"wpcf7-form-control wpcf7-text wpcf7-validates-as-required\" aria-required=\"true\" aria-invalid=\"false\" placeholder=\"Pr\u00e9nom\" value=\"\" type=\"text\" name=\"your-name\" \/><\/span>\n\t\t<\/p>\n\t<\/div>\n\t<div class=\"span_1_of_2 col clr\">\n\t\t<p><span class=\"wpcf7-form-control-wrap\" data-name=\"text-443\"><input size=\"40\" maxlength=\"400\" class=\"wpcf7-form-control wpcf7-text\" aria-invalid=\"false\" placeholder=\"Nom\" value=\"\" type=\"text\" name=\"text-443\" \/><\/span>\n\t\t<\/p>\n\t<\/div>\n\t<div class=\"span_1_of_2 col clr\">\n\t\t<p><span class=\"wpcf7-form-control-wrap\" data-name=\"your-email\"><input size=\"40\" maxlength=\"400\" class=\"wpcf7-form-control wpcf7-email wpcf7-validates-as-required wpcf7-text wpcf7-validates-as-email\" aria-required=\"true\" aria-invalid=\"false\" placeholder=\"E-mail\" value=\"\" type=\"email\" name=\"your-email\" \/><\/span>\n\t\t<\/p>\n\t<\/div>\n\t<div class=\"span_1_of_2 col clr\">\n\t\t<p><span class=\"wpcf7-form-control-wrap\" data-name=\"tel-531\"><input size=\"40\" maxlength=\"400\" class=\"wpcf7-form-control wpcf7-tel wpcf7-text wpcf7-validates-as-tel\" aria-invalid=\"false\" placeholder=\"T\u00e9l\u00e9phone\" value=\"\" type=\"tel\" name=\"tel-531\" \/><\/span>\n\t\t<\/p>\n\t<\/div>\n<\/div>\n<p><span class=\"wpcf7-form-control-wrap\" data-name=\"your-subject\"><input size=\"40\" maxlength=\"400\" class=\"wpcf7-form-control wpcf7-text\" aria-invalid=\"false\" placeholder=\"Objet\" value=\"\" type=\"text\" name=\"your-subject\" \/><\/span>\n<\/p>\n<p><span class=\"wpcf7-form-control-wrap\" data-name=\"your-message\"><textarea cols=\"40\" rows=\"10\" maxlength=\"2000\" class=\"wpcf7-form-control wpcf7-textarea\" aria-invalid=\"false\" placeholder=\"Message\" name=\"your-message\"><\/textarea><\/span>\n<\/p>\n<div>\n\t<p><span class=\"wpcf7-form-control-wrap\" data-name=\"checkbox-167\"><span class=\"wpcf7-form-control wpcf7-checkbox\"><span class=\"wpcf7-list-item first last\"><input type=\"checkbox\" name=\"checkbox-167[]\" value=\"En soumettant ce formulaire, j&#039;accepte que les informations saisies soient exploit\u00e9es pour permettre de me recontacter\" \/><span class=\"wpcf7-list-item-label\">En soumettant ce formulaire, j&#039;accepte que les informations saisies soient exploit\u00e9es pour permettre de me recontacter<\/span><\/span><\/span><\/span>\n\t<\/p>\n<\/div>\n<div>\n\t<p><span class=\"wpcf7-form-control-wrap\" data-name=\"checkbox-167\"><span class=\"wpcf7-form-control wpcf7-checkbox\"><span class=\"wpcf7-list-item first last\"><input type=\"checkbox\" name=\"checkbox-167[]\" value=\"J&#039;autorise Sylvie Kiesel \u00e0 me recontacter dans le cadre de l relation commerciale qui d\u00e9coule de cette demande\" \/><span class=\"wpcf7-list-item-label\">J&#039;autorise Sylvie Kiesel \u00e0 me recontacter dans le cadre de l relation commerciale qui d\u00e9coule de cette demande<\/span><\/span><\/span><\/span>\n\t<\/p>\n<\/div>\n<p style=\"margin: 0;\"><input class=\"wpcf7-form-control wpcf7-submit has-spinner full\" type=\"submit\" value=\"Envoyer\" \/>\n<\/p><div class=\"wpcf7-response-output\" aria-hidden=\"true\"><\/div>\n<\/form>\n<\/div>\n<\/div>\n\t\t\t\t\t\t<\/div>\n\t\t\t\t<\/div>\n\t\t\t\t\t<\/div>\n\t\t<\/div>\n\t\t\t\t\t<\/div>\n\t\t<\/section>\n\t\t\t\t<section class=\"elementor-section elementor-top-section elementor-element elementor-element-7c744088 elementor-section-full_width elementor-section-stretched elementor-section-height-default elementor-section-height-default\" data-id=\"7c744088\" data-element_type=\"section\" data-settings=\"{&quot;stretch_section&quot;:&quot;section-stretched&quot;}\">\n\t\t\t\t\t\t<div class=\"elementor-container elementor-column-gap-no\">\n\t\t\t\t\t<div class=\"elementor-column elementor-col-100 elementor-top-column elementor-element elementor-element-79408eef\" data-id=\"79408eef\" data-element_type=\"column\">\n\t\t\t<div class=\"elementor-widget-wrap elementor-element-populated\">\n\t\t\t\t\t\t<div class=\"elementor-element elementor-element-59928cdf elementor-widget elementor-widget-google_maps\" data-id=\"59928cdf\" data-element_type=\"widget\" data-widget_type=\"google_maps.default\">\n\t\t\t\t<div class=\"elementor-widget-container\">\n\t\t\t\t\t\t\t<div class=\"elementor-custom-embed\">\n\t\t\t<iframe loading=\"lazy\"\n\t\t\t\t\tsrc=\"https:\/\/maps.google.com\/maps?q=Rue%20des%20Trois%20Ch%C3%AAnes%2C%2010%204621%20Retinne.&#038;t=m&#038;z=10&#038;output=embed&#038;iwloc=near\"\n\t\t\t\t\ttitle=\"Rue des Trois Ch\u00eanes, 10 4621 Retinne.\"\n\t\t\t\t\taria-label=\"Rue des Trois Ch\u00eanes, 10 4621 Retinne.\"\n\t\t\t><\/iframe>\n\t\t<\/div>\n\t\t\t\t\t\t<\/div>\n\t\t\t\t<\/div>\n\t\t\t\t\t<\/div>\n\t\t<\/div>\n\t\t\t\t\t<\/div>\n\t\t<\/section>\n\t\t\t\t<\/div>\n\t\t","protected":false},"excerpt":{"rendered":"<p>Contactez \u00e0 pr\u00e9sent Sylvie Kiesel votre massoth\u00e9rapeute La\u00a0massoth\u00e9rapie\u00a0est notamment pratiqu\u00e9e pour r\u00e9guler des probl\u00e8mes \u00e9motionnels.\u00a0 D\u00e9couvrez l&rsquo;histoire de Sylvie S\u00e9ance de massoth\u00e9rapie en Belgique (province de Li\u00e8ge) Que vous ayez besoin d\u2019un massage relaxant pour d\u00e9nouer vos maux physiques ou vous lib\u00e9rez de vos \u00e9motions gr\u00e2ce au massage somato-\u00e9motionnel. je vous re\u00e7ois, sur rendez-vous, du [&hellip;]<\/p>\n","protected":false},"author":1,"featured_media":0,"parent":0,"menu_order":0,"comment_status":"closed","ping_status":"closed","template":"","meta":{"_monsterinsights_skip_tracking":false,"_monsterinsights_sitenote_active":false,"_monsterinsights_sitenote_note":"","_monsterinsights_sitenote_category":0,"ocean_post_layout":"","ocean_both_sidebars_style":"","ocean_both_sidebars_content_width":0,"ocean_both_sidebars_sidebars_width":0,"ocean_sidebar":"0","ocean_second_sidebar":"0","ocean_disable_margins":"enable","ocean_add_body_class":"","ocean_shortcode_before_top_bar":"","ocean_shortcode_after_top_bar":"","ocean_shortcode_before_header":"","ocean_shortcode_after_header":"","ocean_has_shortcode":"","ocean_shortcode_after_title":"","ocean_shortcode_before_footer_widgets":"","ocean_shortcode_after_footer_widgets":"","ocean_shortcode_before_footer_bottom":"","ocean_shortcode_after_footer_bottom":"","ocean_display_top_bar":"default","ocean_display_header":"default","ocean_header_style":"","ocean_center_header_left_menu":"0","ocean_custom_header_template":"0","ocean_custom_logo":0,"ocean_custom_retina_logo":0,"ocean_custom_logo_max_width":0,"ocean_custom_logo_tablet_max_width":0,"ocean_custom_logo_mobile_max_width":0,"ocean_custom_logo_max_height":0,"ocean_custom_logo_tablet_max_height":0,"ocean_custom_logo_mobile_max_height":0,"ocean_header_custom_menu":"0","ocean_menu_typo_font_family":"0","ocean_menu_typo_font_subset":"","ocean_menu_typo_font_size":0,"ocean_menu_typo_font_size_tablet":0,"ocean_menu_typo_font_size_mobile":0,"ocean_menu_typo_font_size_unit":"px","ocean_menu_typo_font_weight":"","ocean_menu_typo_font_weight_tablet":"","ocean_menu_typo_font_weight_mobile":"","ocean_menu_typo_transform":"","ocean_menu_typo_transform_tablet":"","ocean_menu_typo_transform_mobile":"","ocean_menu_typo_line_height":0,"ocean_menu_typo_line_height_tablet":0,"ocean_menu_typo_line_height_mobile":0,"ocean_menu_typo_line_height_unit":"","ocean_menu_typo_spacing":0,"ocean_menu_typo_spacing_tablet":0,"ocean_menu_typo_spacing_mobile":0,"ocean_menu_typo_spacing_unit":"","ocean_menu_link_color":"","ocean_menu_link_color_hover":"","ocean_menu_link_color_active":"","ocean_menu_link_background":"","ocean_menu_link_hover_background":"","ocean_menu_link_active_background":"","ocean_menu_social_links_bg":"","ocean_menu_social_hover_links_bg":"","ocean_menu_social_links_color":"","ocean_menu_social_hover_links_color":"","ocean_disable_title":"default","ocean_disable_heading":"on","ocean_post_title":"","ocean_post_subheading":"","ocean_post_title_style":"","ocean_post_title_background_color":"","ocean_post_title_background":0,"ocean_post_title_bg_image_position":"","ocean_post_title_bg_image_attachment":"","ocean_post_title_bg_image_repeat":"","ocean_post_title_bg_image_size":"","ocean_post_title_height":0,"ocean_post_title_bg_overlay":0.5,"ocean_post_title_bg_overlay_color":"","ocean_disable_breadcrumbs":"off","ocean_breadcrumbs_color":"","ocean_breadcrumbs_separator_color":"","ocean_breadcrumbs_links_color":"","ocean_breadcrumbs_links_hover_color":"","ocean_display_footer_widgets":"default","ocean_display_footer_bottom":"default","ocean_custom_footer_template":"0","footnotes":""},"class_list":["post-92","page","type-page","status-publish","hentry","entry"],"yoast_head":"<!-- This site is optimized with the Yoast SEO plugin v27.3 - https:\/\/yoast.com\/product\/yoast-seo-wordpress\/ -->\n<title>Contactez Sylvie Kiesel, votre massoth\u00e9rapeute de Li\u00e8ge<\/title>\n<meta name=\"description\" content=\"Prenez contact avec Sylvie Kiesel pour une s\u00e9ance de massage somato \u00e9motionnel ou symptomatique dans la r\u00e9gion de Soumagne (Li\u00e8ge).\" \/>\n<meta name=\"robots\" content=\"index, follow, max-snippet:-1, max-image-preview:large, max-video-preview:-1\" \/>\n<link rel=\"canonical\" href=\"https:\/\/sylviekiesel.be\/index.php\/contactez-votre-massotherapeute\/\" \/>\n<meta property=\"og:locale\" content=\"fr_FR\" \/>\n<meta property=\"og:type\" content=\"article\" \/>\n<meta property=\"og:title\" content=\"Contactez Sylvie Kiesel, votre massoth\u00e9rapeute de Li\u00e8ge\" \/>\n<meta property=\"og:description\" content=\"Prenez contact avec Sylvie Kiesel pour une s\u00e9ance de massage somato \u00e9motionnel ou symptomatique dans la r\u00e9gion de Soumagne (Li\u00e8ge).\" \/>\n<meta property=\"og:url\" content=\"https:\/\/sylviekiesel.be\/index.php\/contactez-votre-massotherapeute\/\" \/>\n<meta property=\"og:site_name\" content=\"Sylvie Kiesel\" \/>\n<meta property=\"article:modified_time\" content=\"2022-04-12T06:44:41+00:00\" \/>\n<meta name=\"twitter:card\" content=\"summary_large_image\" \/>\n<meta name=\"twitter:label1\" content=\"Dur\u00e9e de lecture estim\u00e9e\" \/>\n\t<meta name=\"twitter:data1\" content=\"2 minutes\" \/>\n<script type=\"application\/ld+json\" class=\"yoast-schema-graph\">{\"@context\":\"https:\\\/\\\/schema.org\",\"@graph\":[{\"@type\":\"WebPage\",\"@id\":\"https:\\\/\\\/sylviekiesel.be\\\/index.php\\\/contactez-votre-massotherapeute\\\/\",\"url\":\"https:\\\/\\\/sylviekiesel.be\\\/index.php\\\/contactez-votre-massotherapeute\\\/\",\"name\":\"Contactez Sylvie Kiesel, votre massoth\u00e9rapeute de Li\u00e8ge\",\"isPartOf\":{\"@id\":\"https:\\\/\\\/sylviekiesel.be\\\/#website\"},\"datePublished\":\"2018-05-22T09:09:12+00:00\",\"dateModified\":\"2022-04-12T06:44:41+00:00\",\"description\":\"Prenez contact avec Sylvie Kiesel pour une s\u00e9ance de massage somato \u00e9motionnel ou symptomatique dans la r\u00e9gion de Soumagne (Li\u00e8ge).\",\"breadcrumb\":{\"@id\":\"https:\\\/\\\/sylviekiesel.be\\\/index.php\\\/contactez-votre-massotherapeute\\\/#breadcrumb\"},\"inLanguage\":\"fr-FR\",\"potentialAction\":[{\"@type\":\"ReadAction\",\"target\":[\"https:\\\/\\\/sylviekiesel.be\\\/index.php\\\/contactez-votre-massotherapeute\\\/\"]}]},{\"@type\":\"BreadcrumbList\",\"@id\":\"https:\\\/\\\/sylviekiesel.be\\\/index.php\\\/contactez-votre-massotherapeute\\\/#breadcrumb\",\"itemListElement\":[{\"@type\":\"ListItem\",\"position\":1,\"name\":\"Accueil\",\"item\":\"https:\\\/\\\/sylviekiesel.be\\\/\"},{\"@type\":\"ListItem\",\"position\":2,\"name\":\"Contact\"}]},{\"@type\":\"WebSite\",\"@id\":\"https:\\\/\\\/sylviekiesel.be\\\/#website\",\"url\":\"https:\\\/\\\/sylviekiesel.be\\\/\",\"name\":\"Sylvie Kiesel\",\"description\":\"Massoth\u00e9rapeute\",\"potentialAction\":[{\"@type\":\"SearchAction\",\"target\":{\"@type\":\"EntryPoint\",\"urlTemplate\":\"https:\\\/\\\/sylviekiesel.be\\\/?s={search_term_string}\"},\"query-input\":{\"@type\":\"PropertyValueSpecification\",\"valueRequired\":true,\"valueName\":\"search_term_string\"}}],\"inLanguage\":\"fr-FR\"}]}<\/script>\n<!-- \/ Yoast SEO plugin. -->","yoast_head_json":{"title":"Contactez Sylvie Kiesel, votre massoth\u00e9rapeute de Li\u00e8ge","description":"Prenez contact avec Sylvie Kiesel pour une s\u00e9ance de massage somato \u00e9motionnel ou symptomatique dans la r\u00e9gion de Soumagne (Li\u00e8ge).","robots":{"index":"index","follow":"follow","max-snippet":"max-snippet:-1","max-image-preview":"max-image-preview:large","max-video-preview":"max-video-preview:-1"},"canonical":"https:\/\/sylviekiesel.be\/index.php\/contactez-votre-massotherapeute\/","og_locale":"fr_FR","og_type":"article","og_title":"Contactez Sylvie Kiesel, votre massoth\u00e9rapeute de Li\u00e8ge","og_description":"Prenez contact avec Sylvie Kiesel pour une s\u00e9ance de massage somato \u00e9motionnel ou symptomatique dans la r\u00e9gion de Soumagne (Li\u00e8ge).","og_url":"https:\/\/sylviekiesel.be\/index.php\/contactez-votre-massotherapeute\/","og_site_name":"Sylvie Kiesel","article_modified_time":"2022-04-12T06:44:41+00:00","twitter_card":"summary_large_image","twitter_misc":{"Dur\u00e9e de lecture estim\u00e9e":"2 minutes"},"schema":{"@context":"https:\/\/schema.org","@graph":[{"@type":"WebPage","@id":"https:\/\/sylviekiesel.be\/index.php\/contactez-votre-massotherapeute\/","url":"https:\/\/sylviekiesel.be\/index.php\/contactez-votre-massotherapeute\/","name":"Contactez Sylvie Kiesel, votre massoth\u00e9rapeute de Li\u00e8ge","isPartOf":{"@id":"https:\/\/sylviekiesel.be\/#website"},"datePublished":"2018-05-22T09:09:12+00:00","dateModified":"2022-04-12T06:44:41+00:00","description":"Prenez contact avec Sylvie Kiesel pour une s\u00e9ance de massage somato \u00e9motionnel ou symptomatique dans la r\u00e9gion de Soumagne (Li\u00e8ge).","breadcrumb":{"@id":"https:\/\/sylviekiesel.be\/index.php\/contactez-votre-massotherapeute\/#breadcrumb"},"inLanguage":"fr-FR","potentialAction":[{"@type":"ReadAction","target":["https:\/\/sylviekiesel.be\/index.php\/contactez-votre-massotherapeute\/"]}]},{"@type":"BreadcrumbList","@id":"https:\/\/sylviekiesel.be\/index.php\/contactez-votre-massotherapeute\/#breadcrumb","itemListElement":[{"@type":"ListItem","position":1,"name":"Accueil","item":"https:\/\/sylviekiesel.be\/"},{"@type":"ListItem","position":2,"name":"Contact"}]},{"@type":"WebSite","@id":"https:\/\/sylviekiesel.be\/#website","url":"https:\/\/sylviekiesel.be\/","name":"Sylvie Kiesel","description":"Massoth\u00e9rapeute","potentialAction":[{"@type":"SearchAction","target":{"@type":"EntryPoint","urlTemplate":"https:\/\/sylviekiesel.be\/?s={search_term_string}"},"query-input":{"@type":"PropertyValueSpecification","valueRequired":true,"valueName":"search_term_string"}}],"inLanguage":"fr-FR"}]}},"_links":{"self":[{"href":"https:\/\/sylviekiesel.be\/index.php\/wp-json\/wp\/v2\/pages\/92","targetHints":{"allow":["GET"]}}],"collection":[{"href":"https:\/\/sylviekiesel.be\/index.php\/wp-json\/wp\/v2\/pages"}],"about":[{"href":"https:\/\/sylviekiesel.be\/index.php\/wp-json\/wp\/v2\/types\/page"}],"author":[{"embeddable":true,"href":"https:\/\/sylviekiesel.be\/index.php\/wp-json\/wp\/v2\/users\/1"}],"replies":[{"embeddable":true,"href":"https:\/\/sylviekiesel.be\/index.php\/wp-json\/wp\/v2\/comments?post=92"}],"version-history":[{"count":60,"href":"https:\/\/sylviekiesel.be\/index.php\/wp-json\/wp\/v2\/pages\/92\/revisions"}],"predecessor-version":[{"id":2834,"href":"https:\/\/sylviekiesel.be\/index.php\/wp-json\/wp\/v2\/pages\/92\/revisions\/2834"}],"wp:attachment":[{"href":"https:\/\/sylviekiesel.be\/index.php\/wp-json\/wp\/v2\/media?parent=92"}],"curies":[{"name":"wp","href":"https:\/\/api.w.org\/{rel}","templated":true}]}}