{"id":762,"date":"2018-09-28T09:29:35","date_gmt":"2018-09-28T07:29:35","guid":{"rendered":"https:\/\/sylviekiesel.be\/?page_id=762"},"modified":"2018-09-30T12:37:07","modified_gmt":"2018-09-30T10:37:07","slug":"presse","status":"publish","type":"page","link":"https:\/\/sylviekiesel.be\/index.php\/presse\/","title":{"rendered":"Presse"},"content":{"rendered":"\t\t<div data-elementor-type=\"wp-post\" data-elementor-id=\"762\" class=\"elementor elementor-762 elementor-bc-flex-widget\">\n\t\t\t\t\t\t<section class=\"elementor-section elementor-top-section elementor-element elementor-element-56f99166 elementor-section-height-min-height elementor-section-stretched elementor-section-boxed elementor-section-height-default elementor-section-items-middle\" data-id=\"56f99166\" data-element_type=\"section\" data-settings=\"{&quot;background_background&quot;:&quot;classic&quot;,&quot;stretch_section&quot;:&quot;section-stretched&quot;}\">\n\t\t\t\t\t\t\t<div class=\"elementor-background-overlay\"><\/div>\n\t\t\t\t\t\t\t<div class=\"elementor-container elementor-column-gap-default\">\n\t\t\t\t\t<div class=\"elementor-column elementor-col-100 elementor-top-column elementor-element elementor-element-7a22f56b\" data-id=\"7a22f56b\" data-element_type=\"column\">\n\t\t\t<div class=\"elementor-widget-wrap elementor-element-populated\">\n\t\t\t\t\t\t<div class=\"elementor-element elementor-element-58df83d8 no-margin elementor-widget elementor-widget-heading\" data-id=\"58df83d8\" data-element_type=\"widget\" data-widget_type=\"heading.default\">\n\t\t\t\t<div class=\"elementor-widget-container\">\n\t\t\t\t\t<div class=\"elementor-heading-title elementor-size-default\">Sylvie Kiesel \u00e0 la Une<\/div>\t\t\t\t<\/div>\n\t\t\t\t<\/div>\n\t\t\t\t<div class=\"elementor-element elementor-element-4870c2f6 no-margin elementor-widget elementor-widget-heading\" data-id=\"4870c2f6\" data-element_type=\"widget\" data-widget_type=\"heading.default\">\n\t\t\t\t<div class=\"elementor-widget-container\">\n\t\t\t\t\t<h1 class=\"elementor-heading-title elementor-size-default\">La revue de presse de votre massoth\u00e9rapeute<\/h1>\t\t\t\t<\/div>\n\t\t\t\t<\/div>\n\t\t\t\t<div class=\"elementor-element elementor-element-6cec5d45 no-margin elementor-widget-divider--view-line elementor-widget elementor-widget-divider\" data-id=\"6cec5d45\" data-element_type=\"widget\" data-widget_type=\"divider.default\">\n\t\t\t\t<div class=\"elementor-widget-container\">\n\t\t\t\t\t\t\t<div class=\"elementor-divider\">\n\t\t\t<span class=\"elementor-divider-separator\">\n\t\t\t\t\t\t<\/span>\n\t\t<\/div>\n\t\t\t\t\t\t<\/div>\n\t\t\t\t<\/div>\n\t\t\t\t<div class=\"elementor-element elementor-element-6e9e7bec elementor-widget elementor-widget-text-editor\" data-id=\"6e9e7bec\" data-element_type=\"widget\" data-widget_type=\"text-editor.default\">\n\t\t\t\t<div class=\"elementor-widget-container\">\n\t\t\t\t\t\t\t\t\t<p>D\u00e9couvrez les diff\u00e9rents articles o\u00f9 on parle de moi et de mon travail.\u00a0<\/p>\t\t\t\t\t\t\t\t<\/div>\n\t\t\t\t<\/div>\n\t\t\t\t\t<\/div>\n\t\t<\/div>\n\t\t\t\t\t<\/div>\n\t\t<\/section>\n\t\t\t\t<section class=\"elementor-section elementor-top-section elementor-element elementor-element-2dc15577 elementor-section-stretched elementor-section-boxed elementor-section-height-default elementor-section-height-default\" data-id=\"2dc15577\" data-element_type=\"section\" id=\"services\" data-settings=\"{&quot;stretch_section&quot;:&quot;section-stretched&quot;}\">\n\t\t\t\t\t\t<div class=\"elementor-container elementor-column-gap-default\">\n\t\t\t\t\t<div class=\"elementor-column elementor-col-100 elementor-top-column elementor-element elementor-element-177bebc8\" data-id=\"177bebc8\" data-element_type=\"column\">\n\t\t\t<div class=\"elementor-widget-wrap elementor-element-populated\">\n\t\t\t\t\t\t<div class=\"elementor-element elementor-element-70948dee no-margin elementor-widget elementor-widget-heading\" data-id=\"70948dee\" data-element_type=\"widget\" data-widget_type=\"heading.default\">\n\t\t\t\t<div class=\"elementor-widget-container\">\n\t\t\t\t\t<h2 class=\"elementor-heading-title elementor-size-default\">Articles sur votre massoth\u00e9rapeute<\/h2>\t\t\t\t<\/div>\n\t\t\t\t<\/div>\n\t\t\t\t<div class=\"elementor-element elementor-element-73ad6e58 no-margin elementor-widget-divider--view-line elementor-widget elementor-widget-divider\" data-id=\"73ad6e58\" data-element_type=\"widget\" data-widget_type=\"divider.default\">\n\t\t\t\t<div class=\"elementor-widget-container\">\n\t\t\t\t\t\t\t<div class=\"elementor-divider\">\n\t\t\t<span class=\"elementor-divider-separator\">\n\t\t\t\t\t\t<\/span>\n\t\t<\/div>\n\t\t\t\t\t\t<\/div>\n\t\t\t\t<\/div>\n\t\t\t\t<div class=\"elementor-element elementor-element-4a8f7ee elementor-widget elementor-widget-text-editor\" data-id=\"4a8f7ee\" data-element_type=\"widget\" data-widget_type=\"text-editor.default\">\n\t\t\t\t<div class=\"elementor-widget-container\">\n\t\t\t\t\t\t\t\t\t<p>Jetez un \u0153il aux articles de l&rsquo;Avenir et Sixi\u00e8me Dimension :<\/p><ul><li><a href=\"https:\/\/www.lavenir.net\/cnt\/dmf20170125_00949782\/exorciser-ses-emotions-par-le-massage\">exorciser ses \u00e9motions par le massage\u00a0<\/a><\/li><li><a href=\"https:\/\/www.lavenir.net\/cnt\/dmf20170125_00949781\/formee-en-suisse-elle-veut-faire-de-meme-ici\">form\u00e9e en Suisse, elle veut faire de m\u00eame ici<\/a><\/li><li><a href=\"https:\/\/issuu.com\/danima\/docs\/6d57_avril2014\/7\">lib\u00e9rer les \u00e9motions<\/a><\/li><\/ul><div>\u00a0\u00a0<\/div>\t\t\t\t\t\t\t\t<\/div>\n\t\t\t\t<\/div>\n\t\t\t\t\t<\/div>\n\t\t<\/div>\n\t\t\t\t\t<\/div>\n\t\t<\/section>\n\t\t\t\t<section class=\"elementor-section elementor-top-section elementor-element elementor-element-315c08e elementor-section-stretched elementor-hidden-phone elementor-section-boxed elementor-section-height-default elementor-section-height-default\" data-id=\"315c08e\" data-element_type=\"section\" data-settings=\"{&quot;stretch_section&quot;:&quot;section-stretched&quot;}\">\n\t\t\t\t\t\t<div class=\"elementor-container elementor-column-gap-default\">\n\t\t\t\t\t<div class=\"elementor-column elementor-col-100 elementor-top-column elementor-element elementor-element-a39082c\" data-id=\"a39082c\" data-element_type=\"column\">\n\t\t\t<div class=\"elementor-widget-wrap elementor-element-populated\">\n\t\t\t\t\t\t<div class=\"elementor-element elementor-element-6dbab5f elementor-widget elementor-widget-text-editor\" data-id=\"6dbab5f\" data-element_type=\"widget\" data-widget_type=\"text-editor.default\">\n\t\t\t\t<div class=\"elementor-widget-container\">\n\t\t\t\t\t\t\t\t\t<p>Article du \u00a8Proximag : Soumagne, soigner autrement.\u00a0<\/p>\t\t\t\t\t\t\t\t<\/div>\n\t\t\t\t<\/div>\n\t\t\t\t\t<\/div>\n\t\t<\/div>\n\t\t\t\t\t<\/div>\n\t\t<\/section>\n\t\t\t\t<section class=\"elementor-section elementor-top-section elementor-element elementor-element-0f3d2fa elementor-section-stretched elementor-hidden-phone elementor-section-boxed elementor-section-height-default elementor-section-height-default\" data-id=\"0f3d2fa\" data-element_type=\"section\" data-settings=\"{&quot;stretch_section&quot;:&quot;section-stretched&quot;}\">\n\t\t\t\t\t\t<div class=\"elementor-container elementor-column-gap-default\">\n\t\t\t\t\t<div class=\"elementor-column elementor-col-100 elementor-top-column elementor-element elementor-element-fadc44b\" data-id=\"fadc44b\" data-element_type=\"column\">\n\t\t\t<div class=\"elementor-widget-wrap elementor-element-populated\">\n\t\t\t\t\t\t<div class=\"elementor-element elementor-element-cfefb17 elementor-widget elementor-widget-image\" data-id=\"cfefb17\" data-element_type=\"widget\" data-widget_type=\"image.default\">\n\t\t\t\t<div class=\"elementor-widget-container\">\n\t\t\t\t\t\t\t\t\t\t\t\t\t\t\t<img fetchpriority=\"high\" decoding=\"async\" width=\"768\" height=\"969\" src=\"https:\/\/sylviekiesel.be\/wp-content\/uploads\/2018\/09\/Article-Proximag-m-768x969.jpg\" class=\"attachment-medium_large size-medium_large wp-image-774\" alt=\"Soigner autrement avec Sylvie Kiesel\" srcset=\"https:\/\/sylviekiesel.be\/wp-content\/uploads\/2018\/09\/Article-Proximag-m-768x969.jpg 768w, https:\/\/sylviekiesel.be\/wp-content\/uploads\/2018\/09\/Article-Proximag-m-238x300.jpg 238w, https:\/\/sylviekiesel.be\/wp-content\/uploads\/2018\/09\/Article-Proximag-m.jpg 800w\" sizes=\"(max-width: 768px) 100vw, 768px\" \/>\t\t\t\t\t\t\t\t\t\t\t\t\t\t\t<\/div>\n\t\t\t\t<\/div>\n\t\t\t\t\t<\/div>\n\t\t<\/div>\n\t\t\t\t\t<\/div>\n\t\t<\/section>\n\t\t\t\t<section class=\"elementor-section elementor-top-section elementor-element elementor-element-c0b7e64 elementor-section-stretched elementor-hidden-phone elementor-section-boxed elementor-section-height-default elementor-section-height-default\" data-id=\"c0b7e64\" data-element_type=\"section\" data-settings=\"{&quot;stretch_section&quot;:&quot;section-stretched&quot;}\">\n\t\t\t\t\t\t<div class=\"elementor-container elementor-column-gap-default\">\n\t\t\t\t\t<div class=\"elementor-column elementor-col-100 elementor-top-column elementor-element elementor-element-4b5c3c8\" data-id=\"4b5c3c8\" data-element_type=\"column\">\n\t\t\t<div class=\"elementor-widget-wrap elementor-element-populated\">\n\t\t\t\t\t\t<div class=\"elementor-element elementor-element-1481107 elementor-widget elementor-widget-text-editor\" data-id=\"1481107\" data-element_type=\"widget\" data-widget_type=\"text-editor.default\">\n\t\t\t\t<div class=\"elementor-widget-container\">\n\t\t\t\t\t\t\t\t\t<p>Article de L&rsquo;Avenir :\u00a0<a href=\"https:\/\/www.lavenir.net\/cnt\/dmf20170125_00949782\/exorciser-ses-emotions-par-le-massage\">Exorciser ses \u00e9motions par le massage <\/a><\/p>\t\t\t\t\t\t\t\t<\/div>\n\t\t\t\t<\/div>\n\t\t\t\t\t<\/div>\n\t\t<\/div>\n\t\t\t\t\t<\/div>\n\t\t<\/section>\n\t\t\t\t<section class=\"elementor-section elementor-top-section elementor-element elementor-element-a57f7f6 elementor-section-stretched elementor-hidden-phone elementor-section-boxed elementor-section-height-default elementor-section-height-default\" data-id=\"a57f7f6\" data-element_type=\"section\" data-settings=\"{&quot;stretch_section&quot;:&quot;section-stretched&quot;}\">\n\t\t\t\t\t\t<div class=\"elementor-container elementor-column-gap-default\">\n\t\t\t\t\t<div class=\"elementor-column elementor-col-100 elementor-top-column elementor-element elementor-element-36eef34\" data-id=\"36eef34\" data-element_type=\"column\">\n\t\t\t<div class=\"elementor-widget-wrap elementor-element-populated\">\n\t\t\t\t\t\t<div class=\"elementor-element elementor-element-89bd63f elementor-widget elementor-widget-image\" data-id=\"89bd63f\" data-element_type=\"widget\" data-widget_type=\"image.default\">\n\t\t\t\t<div class=\"elementor-widget-container\">\n\t\t\t\t\t\t\t\t\t\t\t\t\t\t\t<img decoding=\"async\" width=\"708\" height=\"1024\" src=\"https:\/\/sylviekiesel.be\/wp-content\/uploads\/2018\/09\/ARTICLE-LAVENIR-708x1024.jpg\" class=\"attachment-large size-large wp-image-799\" alt=\"Exorciser ses \u00e9motions par le massage - sylvie kiesel\" srcset=\"https:\/\/sylviekiesel.be\/wp-content\/uploads\/2018\/09\/ARTICLE-LAVENIR-708x1024.jpg 708w, https:\/\/sylviekiesel.be\/wp-content\/uploads\/2018\/09\/ARTICLE-LAVENIR-207x300.jpg 207w, https:\/\/sylviekiesel.be\/wp-content\/uploads\/2018\/09\/ARTICLE-LAVENIR-768x1111.jpg 768w, https:\/\/sylviekiesel.be\/wp-content\/uploads\/2018\/09\/ARTICLE-LAVENIR.jpg 800w\" sizes=\"(max-width: 708px) 100vw, 708px\" \/>\t\t\t\t\t\t\t\t\t\t\t\t\t\t\t<\/div>\n\t\t\t\t<\/div>\n\t\t\t\t\t<\/div>\n\t\t<\/div>\n\t\t\t\t\t<\/div>\n\t\t<\/section>\n\t\t\t\t<section class=\"elementor-section elementor-top-section elementor-element elementor-element-3bdd6b8 elementor-section-stretched elementor-hidden-phone elementor-section-boxed elementor-section-height-default elementor-section-height-default\" data-id=\"3bdd6b8\" data-element_type=\"section\" data-settings=\"{&quot;stretch_section&quot;:&quot;section-stretched&quot;}\">\n\t\t\t\t\t\t<div class=\"elementor-container elementor-column-gap-default\">\n\t\t\t\t\t<div class=\"elementor-column elementor-col-100 elementor-top-column elementor-element elementor-element-b129c49\" data-id=\"b129c49\" data-element_type=\"column\">\n\t\t\t<div class=\"elementor-widget-wrap elementor-element-populated\">\n\t\t\t\t\t\t<div class=\"elementor-element elementor-element-bd65eba elementor-widget elementor-widget-text-editor\" data-id=\"bd65eba\" data-element_type=\"widget\" data-widget_type=\"text-editor.default\">\n\t\t\t\t<div class=\"elementor-widget-container\">\n\t\t\t\t\t\t\t\t\t<p>L&rsquo;article de Sixi\u00e8me Dimension Suisse : <a href=\"https:\/\/issuu.com\/danima\/docs\/6d57_avril2014\/7\">Lib\u00e9rer les \u00e9motions<\/a><\/p>\t\t\t\t\t\t\t\t<\/div>\n\t\t\t\t<\/div>\n\t\t\t\t\t<\/div>\n\t\t<\/div>\n\t\t\t\t\t<\/div>\n\t\t<\/section>\n\t\t\t\t<section class=\"elementor-section elementor-top-section elementor-element elementor-element-ca912ef elementor-section-stretched elementor-hidden-phone elementor-section-boxed elementor-section-height-default elementor-section-height-default\" data-id=\"ca912ef\" data-element_type=\"section\" data-settings=\"{&quot;stretch_section&quot;:&quot;section-stretched&quot;}\">\n\t\t\t\t\t\t<div class=\"elementor-container elementor-column-gap-default\">\n\t\t\t\t\t<div class=\"elementor-column elementor-col-100 elementor-top-column elementor-element elementor-element-8bdece1\" data-id=\"8bdece1\" data-element_type=\"column\">\n\t\t\t<div class=\"elementor-widget-wrap elementor-element-populated\">\n\t\t\t\t\t\t<div class=\"elementor-element elementor-element-20f351d elementor-widget elementor-widget-image\" data-id=\"20f351d\" data-element_type=\"widget\" data-widget_type=\"image.default\">\n\t\t\t\t<div class=\"elementor-widget-container\">\n\t\t\t\t\t\t\t\t\t\t\t\t\t\t\t<img decoding=\"async\" width=\"768\" height=\"947\" src=\"https:\/\/sylviekiesel.be\/wp-content\/uploads\/2018\/09\/ARTICLE-SIXIEME-DIMENSION-SUISSE-768x947.jpg\" class=\"attachment-medium_large size-medium_large wp-image-802\" alt=\"Lib\u00e9rer les \u00e9motions avec la massoth\u00e9rapie\" srcset=\"https:\/\/sylviekiesel.be\/wp-content\/uploads\/2018\/09\/ARTICLE-SIXIEME-DIMENSION-SUISSE-768x947.jpg 768w, https:\/\/sylviekiesel.be\/wp-content\/uploads\/2018\/09\/ARTICLE-SIXIEME-DIMENSION-SUISSE-243x300.jpg 243w, https:\/\/sylviekiesel.be\/wp-content\/uploads\/2018\/09\/ARTICLE-SIXIEME-DIMENSION-SUISSE.jpg 800w\" sizes=\"(max-width: 768px) 100vw, 768px\" \/>\t\t\t\t\t\t\t\t\t\t\t\t\t\t\t<\/div>\n\t\t\t\t<\/div>\n\t\t\t\t\t<\/div>\n\t\t<\/div>\n\t\t\t\t\t<\/div>\n\t\t<\/section>\n\t\t\t\t<\/div>\n\t\t","protected":false},"excerpt":{"rendered":"<p>Sylvie Kiesel \u00e0 la Une La revue de presse de votre massoth\u00e9rapeute D\u00e9couvrez les diff\u00e9rents articles o\u00f9 on parle de moi et de mon travail.\u00a0 Articles sur votre massoth\u00e9rapeute Jetez un \u0153il aux articles de l&rsquo;Avenir et Sixi\u00e8me Dimension : exorciser ses \u00e9motions par le massage\u00a0 form\u00e9e en Suisse, elle veut faire de m\u00eame ici [&hellip;]<\/p>\n","protected":false},"author":1,"featured_media":0,"parent":0,"menu_order":0,"comment_status":"closed","ping_status":"closed","template":"","meta":{"_monsterinsights_skip_tracking":false,"_monsterinsights_sitenote_active":false,"_monsterinsights_sitenote_note":"","_monsterinsights_sitenote_category":0,"ocean_post_layout":"","ocean_both_sidebars_style":"","ocean_both_sidebars_content_width":0,"ocean_both_sidebars_sidebars_width":0,"ocean_sidebar":"0","ocean_second_sidebar":"0","ocean_disable_margins":"enable","ocean_add_body_class":"","ocean_shortcode_before_top_bar":"","ocean_shortcode_after_top_bar":"","ocean_shortcode_before_header":"","ocean_shortcode_after_header":"","ocean_has_shortcode":"","ocean_shortcode_after_title":"","ocean_shortcode_before_footer_widgets":"","ocean_shortcode_after_footer_widgets":"","ocean_shortcode_before_footer_bottom":"","ocean_shortcode_after_footer_bottom":"","ocean_display_top_bar":"default","ocean_display_header":"default","ocean_header_style":"","ocean_center_header_left_menu":"0","ocean_custom_header_template":"0","ocean_custom_logo":0,"ocean_custom_retina_logo":0,"ocean_custom_logo_max_width":0,"ocean_custom_logo_tablet_max_width":0,"ocean_custom_logo_mobile_max_width":0,"ocean_custom_logo_max_height":0,"ocean_custom_logo_tablet_max_height":0,"ocean_custom_logo_mobile_max_height":0,"ocean_header_custom_menu":"0","ocean_menu_typo_font_family":"0","ocean_menu_typo_font_subset":"","ocean_menu_typo_font_size":0,"ocean_menu_typo_font_size_tablet":0,"ocean_menu_typo_font_size_mobile":0,"ocean_menu_typo_font_size_unit":"px","ocean_menu_typo_font_weight":"","ocean_menu_typo_font_weight_tablet":"","ocean_menu_typo_font_weight_mobile":"","ocean_menu_typo_transform":"","ocean_menu_typo_transform_tablet":"","ocean_menu_typo_transform_mobile":"","ocean_menu_typo_line_height":0,"ocean_menu_typo_line_height_tablet":0,"ocean_menu_typo_line_height_mobile":0,"ocean_menu_typo_line_height_unit":"","ocean_menu_typo_spacing":0,"ocean_menu_typo_spacing_tablet":0,"ocean_menu_typo_spacing_mobile":0,"ocean_menu_typo_spacing_unit":"","ocean_menu_link_color":"","ocean_menu_link_color_hover":"","ocean_menu_link_color_active":"","ocean_menu_link_background":"","ocean_menu_link_hover_background":"","ocean_menu_link_active_background":"","ocean_menu_social_links_bg":"","ocean_menu_social_hover_links_bg":"","ocean_menu_social_links_color":"","ocean_menu_social_hover_links_color":"","ocean_disable_title":"on","ocean_disable_heading":"default","ocean_post_title":"","ocean_post_subheading":"","ocean_post_title_style":"","ocean_post_title_background_color":"","ocean_post_title_background":0,"ocean_post_title_bg_image_position":"","ocean_post_title_bg_image_attachment":"","ocean_post_title_bg_image_repeat":"","ocean_post_title_bg_image_size":"","ocean_post_title_height":0,"ocean_post_title_bg_overlay":0.5,"ocean_post_title_bg_overlay_color":"","ocean_disable_breadcrumbs":"default","ocean_breadcrumbs_color":"","ocean_breadcrumbs_separator_color":"","ocean_breadcrumbs_links_color":"","ocean_breadcrumbs_links_hover_color":"","ocean_display_footer_widgets":"default","ocean_display_footer_bottom":"default","ocean_custom_footer_template":"0","footnotes":""},"class_list":["post-762","page","type-page","status-publish","hentry","entry"],"yoast_head":"<!-- This site is optimized with the Yoast SEO plugin v27.3 - https:\/\/yoast.com\/product\/yoast-seo-wordpress\/ -->\n<title>La revue de presse de votre massoth\u00e9rapeuthe Sylvie Kiesel<\/title>\n<meta name=\"description\" content=\"D\u00e9couvrez tous les articles qui parle de Sylvie Kiesel et de son travail en tant que massoth\u00e9rapeuthe. L&#039;occasion de d\u00e9couvrir une personne passionn\u00e9e.\" \/>\n<meta name=\"robots\" content=\"index, follow, max-snippet:-1, max-image-preview:large, max-video-preview:-1\" \/>\n<link rel=\"canonical\" href=\"https:\/\/sylviekiesel.be\/index.php\/presse\/\" \/>\n<meta property=\"og:locale\" content=\"fr_FR\" \/>\n<meta property=\"og:type\" content=\"article\" \/>\n<meta property=\"og:title\" content=\"La revue de presse de votre massoth\u00e9rapeuthe Sylvie Kiesel\" \/>\n<meta property=\"og:description\" content=\"D\u00e9couvrez tous les articles qui parle de Sylvie Kiesel et de son travail en tant que massoth\u00e9rapeuthe. L&#039;occasion de d\u00e9couvrir une personne passionn\u00e9e.\" \/>\n<meta property=\"og:url\" content=\"https:\/\/sylviekiesel.be\/index.php\/presse\/\" \/>\n<meta property=\"og:site_name\" content=\"Sylvie Kiesel\" \/>\n<meta property=\"article:modified_time\" content=\"2018-09-30T10:37:07+00:00\" \/>\n<meta property=\"og:image\" content=\"https:\/\/sylviekiesel.be\/wp-content\/uploads\/2018\/09\/Article-Proximag-m-768x969.jpg\" \/>\n<meta name=\"twitter:card\" content=\"summary_large_image\" \/>\n<script type=\"application\/ld+json\" class=\"yoast-schema-graph\">{\"@context\":\"https:\\\/\\\/schema.org\",\"@graph\":[{\"@type\":\"WebPage\",\"@id\":\"https:\\\/\\\/sylviekiesel.be\\\/index.php\\\/presse\\\/\",\"url\":\"https:\\\/\\\/sylviekiesel.be\\\/index.php\\\/presse\\\/\",\"name\":\"La revue de presse de votre massoth\u00e9rapeuthe Sylvie Kiesel\",\"isPartOf\":{\"@id\":\"https:\\\/\\\/sylviekiesel.be\\\/#website\"},\"primaryImageOfPage\":{\"@id\":\"https:\\\/\\\/sylviekiesel.be\\\/index.php\\\/presse\\\/#primaryimage\"},\"image\":{\"@id\":\"https:\\\/\\\/sylviekiesel.be\\\/index.php\\\/presse\\\/#primaryimage\"},\"thumbnailUrl\":\"https:\\\/\\\/sylviekiesel.be\\\/wp-content\\\/uploads\\\/2018\\\/09\\\/Article-Proximag-m-768x969.jpg\",\"datePublished\":\"2018-09-28T07:29:35+00:00\",\"dateModified\":\"2018-09-30T10:37:07+00:00\",\"description\":\"D\u00e9couvrez tous les articles qui parle de Sylvie Kiesel et de son travail en tant que massoth\u00e9rapeuthe. L'occasion de d\u00e9couvrir une personne passionn\u00e9e.\",\"breadcrumb\":{\"@id\":\"https:\\\/\\\/sylviekiesel.be\\\/index.php\\\/presse\\\/#breadcrumb\"},\"inLanguage\":\"fr-FR\",\"potentialAction\":[{\"@type\":\"ReadAction\",\"target\":[\"https:\\\/\\\/sylviekiesel.be\\\/index.php\\\/presse\\\/\"]}]},{\"@type\":\"ImageObject\",\"inLanguage\":\"fr-FR\",\"@id\":\"https:\\\/\\\/sylviekiesel.be\\\/index.php\\\/presse\\\/#primaryimage\",\"url\":\"https:\\\/\\\/sylviekiesel.be\\\/wp-content\\\/uploads\\\/2018\\\/09\\\/Article-Proximag-m-768x969.jpg\",\"contentUrl\":\"https:\\\/\\\/sylviekiesel.be\\\/wp-content\\\/uploads\\\/2018\\\/09\\\/Article-Proximag-m-768x969.jpg\"},{\"@type\":\"BreadcrumbList\",\"@id\":\"https:\\\/\\\/sylviekiesel.be\\\/index.php\\\/presse\\\/#breadcrumb\",\"itemListElement\":[{\"@type\":\"ListItem\",\"position\":1,\"name\":\"Accueil\",\"item\":\"https:\\\/\\\/sylviekiesel.be\\\/\"},{\"@type\":\"ListItem\",\"position\":2,\"name\":\"Presse\"}]},{\"@type\":\"WebSite\",\"@id\":\"https:\\\/\\\/sylviekiesel.be\\\/#website\",\"url\":\"https:\\\/\\\/sylviekiesel.be\\\/\",\"name\":\"Sylvie Kiesel\",\"description\":\"Massoth\u00e9rapeute\",\"potentialAction\":[{\"@type\":\"SearchAction\",\"target\":{\"@type\":\"EntryPoint\",\"urlTemplate\":\"https:\\\/\\\/sylviekiesel.be\\\/?s={search_term_string}\"},\"query-input\":{\"@type\":\"PropertyValueSpecification\",\"valueRequired\":true,\"valueName\":\"search_term_string\"}}],\"inLanguage\":\"fr-FR\"}]}<\/script>\n<!-- \/ Yoast SEO plugin. -->","yoast_head_json":{"title":"La revue de presse de votre massoth\u00e9rapeuthe Sylvie Kiesel","description":"D\u00e9couvrez tous les articles qui parle de Sylvie Kiesel et de son travail en tant que massoth\u00e9rapeuthe. L'occasion de d\u00e9couvrir une personne passionn\u00e9e.","robots":{"index":"index","follow":"follow","max-snippet":"max-snippet:-1","max-image-preview":"max-image-preview:large","max-video-preview":"max-video-preview:-1"},"canonical":"https:\/\/sylviekiesel.be\/index.php\/presse\/","og_locale":"fr_FR","og_type":"article","og_title":"La revue de presse de votre massoth\u00e9rapeuthe Sylvie Kiesel","og_description":"D\u00e9couvrez tous les articles qui parle de Sylvie Kiesel et de son travail en tant que massoth\u00e9rapeuthe. L'occasion de d\u00e9couvrir une personne passionn\u00e9e.","og_url":"https:\/\/sylviekiesel.be\/index.php\/presse\/","og_site_name":"Sylvie Kiesel","article_modified_time":"2018-09-30T10:37:07+00:00","og_image":[{"url":"https:\/\/sylviekiesel.be\/wp-content\/uploads\/2018\/09\/Article-Proximag-m-768x969.jpg","type":"","width":"","height":""}],"twitter_card":"summary_large_image","schema":{"@context":"https:\/\/schema.org","@graph":[{"@type":"WebPage","@id":"https:\/\/sylviekiesel.be\/index.php\/presse\/","url":"https:\/\/sylviekiesel.be\/index.php\/presse\/","name":"La revue de presse de votre massoth\u00e9rapeuthe Sylvie Kiesel","isPartOf":{"@id":"https:\/\/sylviekiesel.be\/#website"},"primaryImageOfPage":{"@id":"https:\/\/sylviekiesel.be\/index.php\/presse\/#primaryimage"},"image":{"@id":"https:\/\/sylviekiesel.be\/index.php\/presse\/#primaryimage"},"thumbnailUrl":"https:\/\/sylviekiesel.be\/wp-content\/uploads\/2018\/09\/Article-Proximag-m-768x969.jpg","datePublished":"2018-09-28T07:29:35+00:00","dateModified":"2018-09-30T10:37:07+00:00","description":"D\u00e9couvrez tous les articles qui parle de Sylvie Kiesel et de son travail en tant que massoth\u00e9rapeuthe. L'occasion de d\u00e9couvrir une personne passionn\u00e9e.","breadcrumb":{"@id":"https:\/\/sylviekiesel.be\/index.php\/presse\/#breadcrumb"},"inLanguage":"fr-FR","potentialAction":[{"@type":"ReadAction","target":["https:\/\/sylviekiesel.be\/index.php\/presse\/"]}]},{"@type":"ImageObject","inLanguage":"fr-FR","@id":"https:\/\/sylviekiesel.be\/index.php\/presse\/#primaryimage","url":"https:\/\/sylviekiesel.be\/wp-content\/uploads\/2018\/09\/Article-Proximag-m-768x969.jpg","contentUrl":"https:\/\/sylviekiesel.be\/wp-content\/uploads\/2018\/09\/Article-Proximag-m-768x969.jpg"},{"@type":"BreadcrumbList","@id":"https:\/\/sylviekiesel.be\/index.php\/presse\/#breadcrumb","itemListElement":[{"@type":"ListItem","position":1,"name":"Accueil","item":"https:\/\/sylviekiesel.be\/"},{"@type":"ListItem","position":2,"name":"Presse"}]},{"@type":"WebSite","@id":"https:\/\/sylviekiesel.be\/#website","url":"https:\/\/sylviekiesel.be\/","name":"Sylvie Kiesel","description":"Massoth\u00e9rapeute","potentialAction":[{"@type":"SearchAction","target":{"@type":"EntryPoint","urlTemplate":"https:\/\/sylviekiesel.be\/?s={search_term_string}"},"query-input":{"@type":"PropertyValueSpecification","valueRequired":true,"valueName":"search_term_string"}}],"inLanguage":"fr-FR"}]}},"_links":{"self":[{"href":"https:\/\/sylviekiesel.be\/index.php\/wp-json\/wp\/v2\/pages\/762","targetHints":{"allow":["GET"]}}],"collection":[{"href":"https:\/\/sylviekiesel.be\/index.php\/wp-json\/wp\/v2\/pages"}],"about":[{"href":"https:\/\/sylviekiesel.be\/index.php\/wp-json\/wp\/v2\/types\/page"}],"author":[{"embeddable":true,"href":"https:\/\/sylviekiesel.be\/index.php\/wp-json\/wp\/v2\/users\/1"}],"replies":[{"embeddable":true,"href":"https:\/\/sylviekiesel.be\/index.php\/wp-json\/wp\/v2\/comments?post=762"}],"version-history":[{"count":34,"href":"https:\/\/sylviekiesel.be\/index.php\/wp-json\/wp\/v2\/pages\/762\/revisions"}],"predecessor-version":[{"id":831,"href":"https:\/\/sylviekiesel.be\/index.php\/wp-json\/wp\/v2\/pages\/762\/revisions\/831"}],"wp:attachment":[{"href":"https:\/\/sylviekiesel.be\/index.php\/wp-json\/wp\/v2\/media?parent=762"}],"curies":[{"name":"wp","href":"https:\/\/api.w.org\/{rel}","templated":true}]}}